{"id":33,"date":"2016-03-06T23:17:47","date_gmt":"2016-03-06T22:17:47","guid":{"rendered":"http:\/\/cervena-nl.6mq.me\/?page_id=33"},"modified":"2017-03-09T06:33:04","modified_gmt":"2017-03-08T17:33:04","slug":"the-taste-of-summer","status":"publish","type":"page","link":"https:\/\/www.cervena.be\/fr\/about-cervena\/the-taste-of-summer\/","title":{"rendered":"La viande estivale par excellence"},"content":{"rendered":"<p><\/p>\n<p style=\"text-align: center;\"><a href=\"\/wp-content\/uploads\/2016\/03\/shot-1-hero_web-e1457320996940.jpg\" rel=\"attachment wp-att-72\"><img loading=\"lazy\" decoding=\"async\" class=\"size-full wp-image-72 alignnone\" src=\"\/wp-content\/uploads\/2016\/03\/shot-1-hero_web-e1457320996940.jpg\" alt=\"shot 1 hero_web\" width=\"1730\" height=\"1197\" srcset=\"https:\/\/www.cervena.be\/wp-content\/uploads\/2016\/03\/shot-1-hero_web-e1457320996940.jpg 1730w, https:\/\/www.cervena.be\/wp-content\/uploads\/2016\/03\/shot-1-hero_web-e1457320996940-300x208.jpg 300w, https:\/\/www.cervena.be\/wp-content\/uploads\/2016\/03\/shot-1-hero_web-e1457320996940-768x531.jpg 768w, https:\/\/www.cervena.be\/wp-content\/uploads\/2016\/03\/shot-1-hero_web-e1457320996940-1024x709.jpg 1024w, https:\/\/www.cervena.be\/wp-content\/uploads\/2016\/03\/shot-1-hero_web-e1457320996940-150x104.jpg 150w\" sizes=\"auto, (max-width: 1730px) 100vw, 1730px\" \/><\/a><\/p>\n<p class=\"p1\"><span style=\"line-height: 1.71429; font-size: 1rem;\">La d\u00e9licatesse du go\u00fbt et de la texture de Cervena est id\u00e9ale pour une cuisine moderne plus l\u00e9g\u00e8re qui fera les d\u00e9lices de vos clients. Cervena vous permet de cr\u00e9er des plats d\u2019une fabuleuse complexit\u00e9 ou d\u2019une extraordinaire simplicit\u00e9.<\/span><\/p>\n<p class=\"p1\">La viande Cervena est produite pour r\u00e9pondre aux normes les plus strictes et les surpasser. \u00c9leve\u0301s en liberte\u0301 dans des pa\u0302turages, nos cerfs b\u00e9n\u00e9ficient de l\u2019environnement serein et naturel de la Nouvelle-Z\u00e9lande afin de produire une qualit\u00e9 toujours irr\u00e9prochable.<\/p>\n<p><\/p>","protected":false},"excerpt":{"rendered":"<p>La d\u00e9licatesse du go\u00fbt et de la texture de Cervena est id\u00e9ale pour une cuisine moderne plus l\u00e9g\u00e8re qui fera les d\u00e9lices de vos clients. Cervena vous permet de cr\u00e9er des plats d\u2019une fabuleuse complexit\u00e9 ou d\u2019une extraordinaire simplicit\u00e9. La viande Cervena est produite pour r\u00e9pondre aux normes les plus strictes et les surpasser. \u00c9leve\u0301s&#8230;<\/p>\n","protected":false},"author":4,"featured_media":0,"parent":22,"menu_order":10,"comment_status":"closed","ping_status":"closed","template":"","meta":{"_exactmetrics_skip_tracking":false,"_exactmetrics_sitenote_active":false,"_exactmetrics_sitenote_note":"","_exactmetrics_sitenote_category":0,"footnotes":""},"class_list":["post-33","page","type-page","status-publish","hentry"],"_links":{"self":[{"href":"https:\/\/www.cervena.be\/fr\/wp-json\/wp\/v2\/pages\/33","targetHints":{"allow":["GET"]}}],"collection":[{"href":"https:\/\/www.cervena.be\/fr\/wp-json\/wp\/v2\/pages"}],"about":[{"href":"https:\/\/www.cervena.be\/fr\/wp-json\/wp\/v2\/types\/page"}],"author":[{"embeddable":true,"href":"https:\/\/www.cervena.be\/fr\/wp-json\/wp\/v2\/users\/4"}],"replies":[{"embeddable":true,"href":"https:\/\/www.cervena.be\/fr\/wp-json\/wp\/v2\/comments?post=33"}],"version-history":[{"count":4,"href":"https:\/\/www.cervena.be\/fr\/wp-json\/wp\/v2\/pages\/33\/revisions"}],"predecessor-version":[{"id":721,"href":"https:\/\/www.cervena.be\/fr\/wp-json\/wp\/v2\/pages\/33\/revisions\/721"}],"up":[{"embeddable":true,"href":"https:\/\/www.cervena.be\/fr\/wp-json\/wp\/v2\/pages\/22"}],"wp:attachment":[{"href":"https:\/\/www.cervena.be\/fr\/wp-json\/wp\/v2\/media?parent=33"}],"curies":[{"name":"wp","href":"https:\/\/api.w.org\/{rel}","templated":true}]}}