{"id":282,"date":"2016-03-14T00:18:32","date_gmt":"2016-03-13T23:18:32","guid":{"rendered":"http:\/\/cervena-nl.6mq.me\/?page_id=282"},"modified":"2017-03-09T06:33:04","modified_gmt":"2017-03-08T17:33:04","slug":"cervena-cuts","status":"publish","type":"page","link":"https:\/\/www.cervena.be\/fr\/product-informatie\/cervena-cuts\/","title":{"rendered":"Les coupes de Cervena sont les suivantes"},"content":{"rendered":"<p>Cervena est une viande au go\u00fbt l\u00e9ger et d\u00e9licat, qui fond dans la bouche. Elle repr\u00e9sente un ingr\u00e9dient id\u00e9al pour la cuisine estivale moderne. Disponible dans une grande vari\u00e9t\u00e9 de coupes. Cervena vous permet de cuisiner des plats simples et succulents ou des cr\u00e9ations plus complexes.<\/p>\n<p><a href=\"\/wp-content\/uploads\/2016\/03\/DNZ7866-Cutting-Tips-A4-FA.jpg\" rel=\"attachment wp-att-284\"><img loading=\"lazy\" decoding=\"async\" class=\"aligncenter wp-image-284 size-full\" src=\"\/wp-content\/uploads\/2016\/03\/DNZ7866-Cutting-Tips-A4-FA.jpg\" alt=\"DNZ7866 Cutting Tips A4 FA\" width=\"595\" height=\"842\" srcset=\"https:\/\/www.cervena.be\/wp-content\/uploads\/2016\/03\/DNZ7866-Cutting-Tips-A4-FA.jpg 595w, https:\/\/www.cervena.be\/wp-content\/uploads\/2016\/03\/DNZ7866-Cutting-Tips-A4-FA-212x300.jpg 212w, https:\/\/www.cervena.be\/wp-content\/uploads\/2016\/03\/DNZ7866-Cutting-Tips-A4-FA-106x150.jpg 106w\" sizes=\"auto, (max-width: 595px) 100vw, 595px\" \/><\/a><\/p>\n<p><a href=\"\/wp-content\/uploads\/2016\/03\/DNZ7866-Cutting-Tips-A4-FA.pdf\" rel=\"\">DNZ7866 Cutting Tips A4 FA<\/a><\/p>","protected":false},"excerpt":{"rendered":"<p>Cervena est une viande au go\u00fbt l\u00e9ger et d\u00e9licat, qui fond dans la bouche. Elle repr\u00e9sente un ingr\u00e9dient id\u00e9al pour la cuisine estivale moderne. Disponible dans une grande vari\u00e9t\u00e9 de coupes. Cervena vous permet de cuisiner des plats simples et succulents ou des cr\u00e9ations plus complexes. DNZ7866 Cutting Tips A4 FA<\/p>\n","protected":false},"author":3,"featured_media":0,"parent":389,"menu_order":0,"comment_status":"closed","ping_status":"closed","template":"","meta":{"_exactmetrics_skip_tracking":false,"_exactmetrics_sitenote_active":false,"_exactmetrics_sitenote_note":"","_exactmetrics_sitenote_category":0,"footnotes":""},"class_list":["post-282","page","type-page","status-publish","hentry"],"_links":{"self":[{"href":"https:\/\/www.cervena.be\/fr\/wp-json\/wp\/v2\/pages\/282","targetHints":{"allow":["GET"]}}],"collection":[{"href":"https:\/\/www.cervena.be\/fr\/wp-json\/wp\/v2\/pages"}],"about":[{"href":"https:\/\/www.cervena.be\/fr\/wp-json\/wp\/v2\/types\/page"}],"author":[{"embeddable":true,"href":"https:\/\/www.cervena.be\/fr\/wp-json\/wp\/v2\/users\/3"}],"replies":[{"embeddable":true,"href":"https:\/\/www.cervena.be\/fr\/wp-json\/wp\/v2\/comments?post=282"}],"version-history":[{"count":5,"href":"https:\/\/www.cervena.be\/fr\/wp-json\/wp\/v2\/pages\/282\/revisions"}],"predecessor-version":[{"id":614,"href":"https:\/\/www.cervena.be\/fr\/wp-json\/wp\/v2\/pages\/282\/revisions\/614"}],"up":[{"embeddable":true,"href":"https:\/\/www.cervena.be\/fr\/wp-json\/wp\/v2\/pages\/389"}],"wp:attachment":[{"href":"https:\/\/www.cervena.be\/fr\/wp-json\/wp\/v2\/media?parent=282"}],"curies":[{"name":"wp","href":"https:\/\/api.w.org\/{rel}","templated":true}]}}