{"id":41,"date":"2016-03-06T23:21:28","date_gmt":"2016-03-06T22:21:28","guid":{"rendered":"http:\/\/cervena-nl.6mq.me\/?page_id=41"},"modified":"2017-03-09T06:33:04","modified_gmt":"2017-03-08T17:33:04","slug":"summer-ideas","status":"publish","type":"page","link":"https:\/\/www.cervena.be\/en\/inspiration\/summer-ideas\/","title":{"rendered":"(Fran\u00e7ais) Id\u00e9es d&#8217;\u00e9t\u00e9"},"content":{"rendered":"<p class=\"qtranxs-available-languages-message qtranxs-available-languages-message-en\">Sorry, this entry is only available in <a href=\"https:\/\/www.cervena.be\/fr\/wp-json\/wp\/v2\/pages\/41\" class=\"qtranxs-available-language-link qtranxs-available-language-link-fr\" title=\"Fran\u00e7ais\">Fran\u00e7ais<\/a> and <a href=\"https:\/\/www.cervena.be\/nl\/wp-json\/wp\/v2\/pages\/41\" class=\"qtranxs-available-language-link qtranxs-available-language-link-nl\" title=\"Nederlands\">Nederlands<\/a>. For the sake of viewer convenience, the content is shown below in one of the available alternative languages. You may click one of the links to switch the site language to another available language.<\/p><p><a href=\"\/wp-content\/uploads\/2016\/03\/Summer-ideas.jpg\" rel=\"attachment wp-att-381\"><img loading=\"lazy\" decoding=\"async\" class=\"size-full wp-image-381\" src=\"\/wp-content\/uploads\/2016\/03\/Summer-ideas.jpg\" alt=\"Summer ideas\" width=\"1258\" height=\"960\" srcset=\"https:\/\/www.cervena.be\/wp-content\/uploads\/2016\/03\/Summer-ideas.jpg 1258w, https:\/\/www.cervena.be\/wp-content\/uploads\/2016\/03\/Summer-ideas-300x229.jpg 300w, https:\/\/www.cervena.be\/wp-content\/uploads\/2016\/03\/Summer-ideas-768x586.jpg 768w, https:\/\/www.cervena.be\/wp-content\/uploads\/2016\/03\/Summer-ideas-1024x781.jpg 1024w, https:\/\/www.cervena.be\/wp-content\/uploads\/2016\/03\/Summer-ideas-150x114.jpg 150w\" sizes=\"auto, (max-width: 1258px) 100vw, 1258px\" \/><\/a><\/p>\n<p><strong>Amusez-vous cet \u00e9t\u00e9<\/strong><\/p>\n<p class=\"p1\"><span class=\"s1\">Cervena est une viande au go\u00fbt l\u00e9ger et d\u00e9licat, qui fond dans la bouche. Ingr\u00e9dient id\u00e9al pour la cuisine estivale moderne, Cervena vous permet de cuisiner des plats simples et succulents ou des cr\u00e9ations plus complexes.<\/span><\/p>\n<p>La cuisson au grill occupe toujours une place de choix dans la cuisine estivale. Mais qui dit grillade, dit aussi viande de qualit\u00e9 sup\u00e9rieure. La texture tendre et le go\u00fbt d\u00e9licat de la Cervena surprendront agr\u00e9ablement vos convives. Contrairement aux m\u00e9thodes de fermage intensif o\u00f9 les animaux sont nourris au grain pour acc\u00e9l\u00e9rer leur croissance, les cerfs Cervena se nourrissent exclusivement de l&#8217;herbe de leur p\u00e2turage et leur croissance est purement naturelle.<\/p>\n<p>Le r\u00e9sultat : une viande au go\u00fbt incomparable, de surcro\u00eet faible en mati\u00e8res grasses et en graisses satur\u00e9es. N&#8217;h\u00e9sitez pas \u00e0 cr\u00e9er votre propre m\u00e9lange d&#8217;\u00e9pices pour frotter la viande \u00e0 l&#8217;aide de piments chipotle fum\u00e9, de thym ou encore de noix de muscade. Ou essayez, cuite au charbon de bois et servie accompagn\u00e9e de ma\u00efs, de tomates salsa et de sauce chimuchurri.<\/p>\n<p>Quant aux petites c\u00f4tes, elles connaissent un succ\u00e8s toujours croissant. Nous les aimons marin\u00e9es au mirin, soja et gingembre, servies avec une salade croustillante de carottes et concombre, assaisonn\u00e9e de lime, chili et s\u00e9same.<\/p>\n<p>Un steak tartare valorisera au maximum la qualit\u00e9 de cette viande d&#8217;exception. Vous pouvez aussi fumer la Cervena \u00e0 l&#8217;aide de th\u00e9s aux fruits. Elle fera \u00e9galement merveille dans une salade de betteraves et fromage de ch\u00e8vre, avec de la cressonnette et accompagn\u00e9e d&#8217;un dressing au vinaigre de champagne et de sureau.<\/p>\n<p>Cet \u00e9t\u00e9, comptez sur la Cervena pour faire parler de votre table !<\/p>\n<p><em>N.B. : comme les autres viandes, la venaison est une source potentielle de toxoplasmose. D\u00e8s lors, et comme toute autre viande, elle ne doit pas \u00eatre consomm\u00e9e crue par les femmes enceintes ou les personnes dont le syst\u00e8me immunitaire est affaibli.<\/em><\/p>\n<p><ul class=\"lcp_catlist\" id=\"lcp_instance_0\"><\/ul><\/p>","protected":false},"excerpt":{"rendered":"<p>Sorry, this entry is only available in Fran\u00e7ais and Nederlands. For the sake of viewer convenience, the content is shown below in one of the available alternative languages. You may click one of the links to switch the site language to another available language. Amusez-vous cet \u00e9t\u00e9 Cervena est une viande au go\u00fbt l\u00e9ger et&#8230;<\/p>\n","protected":false},"author":4,"featured_media":0,"parent":25,"menu_order":20,"comment_status":"closed","ping_status":"closed","template":"","meta":{"_exactmetrics_skip_tracking":false,"_exactmetrics_sitenote_active":false,"_exactmetrics_sitenote_note":"","_exactmetrics_sitenote_category":0,"footnotes":""},"class_list":["post-41","page","type-page","status-publish","hentry"],"_links":{"self":[{"href":"https:\/\/www.cervena.be\/en\/wp-json\/wp\/v2\/pages\/41","targetHints":{"allow":["GET"]}}],"collection":[{"href":"https:\/\/www.cervena.be\/en\/wp-json\/wp\/v2\/pages"}],"about":[{"href":"https:\/\/www.cervena.be\/en\/wp-json\/wp\/v2\/types\/page"}],"author":[{"embeddable":true,"href":"https:\/\/www.cervena.be\/en\/wp-json\/wp\/v2\/users\/4"}],"replies":[{"embeddable":true,"href":"https:\/\/www.cervena.be\/en\/wp-json\/wp\/v2\/comments?post=41"}],"version-history":[{"count":5,"href":"https:\/\/www.cervena.be\/en\/wp-json\/wp\/v2\/pages\/41\/revisions"}],"predecessor-version":[{"id":659,"href":"https:\/\/www.cervena.be\/en\/wp-json\/wp\/v2\/pages\/41\/revisions\/659"}],"up":[{"embeddable":true,"href":"https:\/\/www.cervena.be\/en\/wp-json\/wp\/v2\/pages\/25"}],"wp:attachment":[{"href":"https:\/\/www.cervena.be\/en\/wp-json\/wp\/v2\/media?parent=41"}],"curies":[{"name":"wp","href":"https:\/\/api.w.org\/{rel}","templated":true}]}}