{"id":39,"date":"2016-03-06T23:20:38","date_gmt":"2016-03-06T22:20:38","guid":{"rendered":"http:\/\/cervena-nl.6mq.me\/?page_id=39"},"modified":"2017-03-09T06:33:04","modified_gmt":"2017-03-08T17:33:04","slug":"recipies","status":"publish","type":"page","link":"https:\/\/www.cervena.be\/en\/inspiration\/recipies\/","title":{"rendered":"Recipes"},"content":{"rendered":"<p><\/p>\n<p class=\"p1\"><span class=\"s1\">Cervena est une viande polyvalent qui vous ouvre des horizons illimit\u00e9s. Vous trouverez ci-dessous une s\u00e9lection de nos receipts estivales pr\u00e9f\u00e9r\u00e9es. Une source d&#8217;inspiration pour vous et de d\u00e9licieuses surprises pour vos clients.<\/span><\/p>\n<p class=\"p1\"><ul class=\"lcp_catlist\"><li><div class='lcp_linked_thumbnail'><a href=\"https:\/\/www.cervena.be\/en\/tea-smoked-cervena-salad-with-rocket-roasted-beetroot-goats-cheese-and-walnut-vinaigrette\/\" title=\"(Fran\u00e7ais) Salade de Cervena au th\u00e9 fum\u00e9, roquette, betterave fum\u00e9e, fromage de ch\u00e8vre et vinaigrette de noix\"><img decoding=\"async\" src=\"\/wp-content\/uploads\/2016\/03\/Cervena_03_web.jpg\" class=\"lcp_thumbnail\"  alt=\"(Fran\u00e7ais) Salade de Cervena au th\u00e9 fum\u00e9, roquette, betterave fum\u00e9e, fromage de ch\u00e8vre et vinaigrette de noix\" \/><\/a><\/div><div class='lcp_body'><h3 class=\"lcp_post\"><a href=\"https:\/\/www.cervena.be\/en\/tea-smoked-cervena-salad-with-rocket-roasted-beetroot-goats-cheese-and-walnut-vinaigrette\/\">(Fran\u00e7ais) Salade de Cervena au th\u00e9 fum\u00e9, roquette, betterave fum\u00e9e, fromage de ch\u00e8vre et vinaigrette de noix<\/a><\/h3>  <div class=\"lcp_excerpt\">Sorry, this entry is only available in Fran\u00e7ais and Nederlands. For the sake of viewer convenience, the content is shown below in one of the ...<\/div><a href=\"https:\/\/www.cervena.be\/en\/tea-smoked-cervena-salad-with-rocket-roasted-beetroot-goats-cheese-and-walnut-vinaigrette\/\">Lira la suite<\/a><\/div><\/li><li><div class='lcp_linked_thumbnail'><a href=\"https:\/\/www.cervena.be\/en\/jerk-cervena-chops-with-brisket-tamales-and-avocado-cream\/\" title=\"(Fran\u00e7ais) C\u00f4tes Jerk de Cervena, tamales \u00e0 la poitrine et cr\u00e8me d&#039;avocat\"><img decoding=\"async\" src=\"\/wp-content\/uploads\/2016\/03\/Cervena_02_web.jpg\" class=\"lcp_thumbnail\"  alt=\"(Fran\u00e7ais) C\u00f4tes Jerk de Cervena, tamales \u00e0 la poitrine et cr\u00e8me d&#039;avocat\" \/><\/a><\/div><div class='lcp_body'><h3 class=\"lcp_post\"><a href=\"https:\/\/www.cervena.be\/en\/jerk-cervena-chops-with-brisket-tamales-and-avocado-cream\/\">(Fran\u00e7ais) C\u00f4tes Jerk de Cervena, tamales \u00e0 la poitrine et cr\u00e8me d&#8217;avocat<\/a><\/h3>  <div class=\"lcp_excerpt\">Sorry, this entry is only available in Fran\u00e7ais and Nederlands. For the sake of viewer convenience, the content is shown below in one of the ...<\/div><a href=\"https:\/\/www.cervena.be\/en\/jerk-cervena-chops-with-brisket-tamales-and-avocado-cream\/\">Lira la suite<\/a><\/div><\/li><li><div class='lcp_linked_thumbnail'><a href=\"https:\/\/www.cervena.be\/en\/grilled-cervena-shortribs-with-yaki-glaze-and-sweet-carrot-and-cucumber-salad\/\" title=\"(Fran\u00e7ais) Petites c\u00f4tes de Cervena avec gla\u00e7age yakitori et salade douce aux carottes et concombre\"><img decoding=\"async\" src=\"\/wp-content\/uploads\/2016\/03\/Cervena_04_web-1.jpg\" class=\"lcp_thumbnail\"  alt=\"(Fran\u00e7ais) Petites c\u00f4tes de Cervena avec gla\u00e7age yakitori et salade douce aux carottes et concombre\" \/><\/a><\/div><div class='lcp_body'><h3 class=\"lcp_post\"><a href=\"https:\/\/www.cervena.be\/en\/grilled-cervena-shortribs-with-yaki-glaze-and-sweet-carrot-and-cucumber-salad\/\">(Fran\u00e7ais) Petites c\u00f4tes de Cervena avec gla\u00e7age yakitori et salade douce aux carottes et concombre<\/a><\/h3>  <div class=\"lcp_excerpt\">Sorry, this entry is only available in Fran\u00e7ais and Nederlands. For the sake of viewer convenience, the content is shown below in one of the ...<\/div><a href=\"https:\/\/www.cervena.be\/en\/grilled-cervena-shortribs-with-yaki-glaze-and-sweet-carrot-and-cucumber-salad\/\">Lira la suite<\/a><\/div><\/li><li><div class='lcp_linked_thumbnail'><a href=\"https:\/\/www.cervena.be\/en\/hamburger-cervena-mit-appel-en-chutney-van-mango\/\" title=\"(Fran\u00e7ais) Hamburger de Cervena et chutney de mangue au piment\"><img decoding=\"async\" src=\"\/wp-content\/uploads\/2016\/03\/Hamburger-van-NZ-hertenkalf_web.jpg\" class=\"lcp_thumbnail\"  alt=\"(Fran\u00e7ais) Hamburger de Cervena et chutney de mangue au piment\" \/><\/a><\/div><div class='lcp_body'><h3 class=\"lcp_post\"><a href=\"https:\/\/www.cervena.be\/en\/hamburger-cervena-mit-appel-en-chutney-van-mango\/\">(Fran\u00e7ais) Hamburger de Cervena et chutney de mangue au piment<\/a><\/h3>  <div class=\"lcp_excerpt\">Sorry, this entry is only available in Fran\u00e7ais and Nederlands. For the sake of viewer convenience, the content is shown below in one of the ...<\/div><a href=\"https:\/\/www.cervena.be\/en\/hamburger-cervena-mit-appel-en-chutney-van-mango\/\">Lira la suite<\/a><\/div><\/li><li><div class='lcp_linked_thumbnail'><a href=\"https:\/\/www.cervena.be\/en\/cervena-filet-met-polenta-en-straffe-hendrik\/\" title=\"(Fran\u00e7ais) Filet de Cervena \/ polenta \/ potiron\/bi\u00e8re straffe Hendrik\"><img decoding=\"async\" src=\"\/wp-content\/uploads\/2016\/03\/Cervena-Filet-met-polenta-_web.jpg\" class=\"lcp_thumbnail\"  alt=\"(Fran\u00e7ais) Filet de Cervena \/ polenta \/ potiron\/bi\u00e8re straffe Hendrik\" \/><\/a><\/div><div class='lcp_body'><h3 class=\"lcp_post\"><a href=\"https:\/\/www.cervena.be\/en\/cervena-filet-met-polenta-en-straffe-hendrik\/\">(Fran\u00e7ais) Filet de Cervena \/ polenta \/ potiron\/bi\u00e8re straffe Hendrik<\/a><\/h3>  <div class=\"lcp_excerpt\">Sorry, this entry is only available in Fran\u00e7ais and Nederlands. For the sake of viewer convenience, the content is shown below in one of the ...<\/div><a href=\"https:\/\/www.cervena.be\/en\/cervena-filet-met-polenta-en-straffe-hendrik\/\">Lira la suite<\/a><\/div><\/li><li><div class='lcp_linked_thumbnail'><a href=\"https:\/\/www.cervena.be\/en\/een-rolletje-van-hertenfilet-carpaccio-uit-nieuw-zeeland-gevuld-met-knolselder-en-jonge-scheuten-2\/\" title=\"(Fran\u00e7ais) Petite roulade de carpaccio Cervena, celeri rave et jeune pousse\"><img decoding=\"async\" src=\"http:\/\/www.cervena.be\/wp-content\/uploads\/2016\/03\/Rolletje-van-hertenfilet_web_1.jpg\" class=\"lcp_thumbnail\"  alt=\"(Fran\u00e7ais) Petite roulade de carpaccio Cervena, celeri rave et jeune pousse\" \/><\/a><\/div><div class='lcp_body'><h3 class=\"lcp_post\"><a href=\"https:\/\/www.cervena.be\/en\/een-rolletje-van-hertenfilet-carpaccio-uit-nieuw-zeeland-gevuld-met-knolselder-en-jonge-scheuten-2\/\">(Fran\u00e7ais) Petite roulade de carpaccio Cervena, celeri rave et jeune pousse<\/a><\/h3>  <div class=\"lcp_excerpt\">Sorry, this entry is only available in Fran\u00e7ais and Nederlands. For the sake of viewer convenience, the content is shown below in one of the ...<\/div><a href=\"https:\/\/www.cervena.be\/en\/een-rolletje-van-hertenfilet-carpaccio-uit-nieuw-zeeland-gevuld-met-knolselder-en-jonge-scheuten-2\/\">Lira la suite<\/a><\/div><\/li><\/ul><\/p>\n<p class=\"p1\"><img loading=\"lazy\" decoding=\"async\" class=\"hide-something alignnone wp-image-344 size-large\" src=\"http:\/\/www.cervena.be\/wp-content\/uploads\/2016\/03\/Gebraden-hertenrugfilet_web-1024x769.jpg\" alt=\"Gebraden hertenrugfilet_web\" width=\"1024\" height=\"769\" srcset=\"https:\/\/www.cervena.be\/wp-content\/uploads\/2016\/03\/Gebraden-hertenrugfilet_web-1024x769.jpg 1024w, https:\/\/www.cervena.be\/wp-content\/uploads\/2016\/03\/Gebraden-hertenrugfilet_web-300x225.jpg 300w, https:\/\/www.cervena.be\/wp-content\/uploads\/2016\/03\/Gebraden-hertenrugfilet_web-768x577.jpg 768w, https:\/\/www.cervena.be\/wp-content\/uploads\/2016\/03\/Gebraden-hertenrugfilet_web-150x113.jpg 150w, https:\/\/www.cervena.be\/wp-content\/uploads\/2016\/03\/Gebraden-hertenrugfilet_web.jpg 1260w\" sizes=\"auto, (max-width: 1024px) 100vw, 1024px\" \/><\/p>\n<p><\/p>","protected":false},"excerpt":{"rendered":"<p>Cervena est une viande polyvalent qui vous ouvre des horizons illimit\u00e9s. Vous trouverez ci-dessous une s\u00e9lection de nos receipts estivales pr\u00e9f\u00e9r\u00e9es. Une source d&#8217;inspiration pour vous et de d\u00e9licieuses surprises pour vos clients.<\/p>\n","protected":false},"author":4,"featured_media":0,"parent":25,"menu_order":10,"comment_status":"closed","ping_status":"closed","template":"","meta":{"_exactmetrics_skip_tracking":false,"_exactmetrics_sitenote_active":false,"_exactmetrics_sitenote_note":"","_exactmetrics_sitenote_category":0,"footnotes":""},"class_list":["post-39","page","type-page","status-publish","hentry"],"_links":{"self":[{"href":"https:\/\/www.cervena.be\/en\/wp-json\/wp\/v2\/pages\/39","targetHints":{"allow":["GET"]}}],"collection":[{"href":"https:\/\/www.cervena.be\/en\/wp-json\/wp\/v2\/pages"}],"about":[{"href":"https:\/\/www.cervena.be\/en\/wp-json\/wp\/v2\/types\/page"}],"author":[{"embeddable":true,"href":"https:\/\/www.cervena.be\/en\/wp-json\/wp\/v2\/users\/4"}],"replies":[{"embeddable":true,"href":"https:\/\/www.cervena.be\/en\/wp-json\/wp\/v2\/comments?post=39"}],"version-history":[{"count":39,"href":"https:\/\/www.cervena.be\/en\/wp-json\/wp\/v2\/pages\/39\/revisions"}],"predecessor-version":[{"id":681,"href":"https:\/\/www.cervena.be\/en\/wp-json\/wp\/v2\/pages\/39\/revisions\/681"}],"up":[{"embeddable":true,"href":"https:\/\/www.cervena.be\/en\/wp-json\/wp\/v2\/pages\/25"}],"wp:attachment":[{"href":"https:\/\/www.cervena.be\/en\/wp-json\/wp\/v2\/media?parent=39"}],"curies":[{"name":"wp","href":"https:\/\/api.w.org\/{rel}","templated":true}]}}