{"id":389,"date":"2016-03-17T10:05:04","date_gmt":"2016-03-17T09:05:04","guid":{"rendered":"http:\/\/cervena-nl.hosting.outwide.net\/?page_id=389"},"modified":"2017-03-09T06:33:03","modified_gmt":"2017-03-08T17:33:03","slug":"product-informatie","status":"publish","type":"page","link":"https:\/\/www.cervena.be\/en\/product-informatie\/","title":{"rendered":"(Fran\u00e7ais) Information produit"},"content":{"rendered":"<p><ul class=\"lcp_catlist\"><li><div class='lcp_linked_thumbnail'><a href=\"https:\/\/www.cervena.be\/en\/product-informatie\/cervena-cuts\/\" title=\"(Fran\u00e7ais) Les coupes de Cervena sont les suivantes\"><img decoding=\"async\" src=\"\/wp-content\/uploads\/2016\/03\/DNZ7866-Cutting-Tips-A4-FA.jpg\" class=\"lcp_thumbnail\"  alt=\"(Fran\u00e7ais) Les coupes de Cervena sont les suivantes\" \/><\/a><\/div><div class='lcp_body'><h3 class=\"lcp_post\"><a href=\"https:\/\/www.cervena.be\/en\/product-informatie\/cervena-cuts\/\">(Fran\u00e7ais) Les coupes de Cervena sont les suivantes<\/a><\/h3>  <div class=\"lcp_excerpt\">Sorry, this entry is only available in Fran\u00e7ais and Nederlands. For the sake of viewer convenience, the content is shown below in one of the available alternative languages. You may click one of the links to switch the site language ...<\/div><a href=\"https:\/\/www.cervena.be\/en\/product-informatie\/cervena-cuts\/\">Read more<\/a><\/div><\/li><li><div class='lcp_linked_thumbnail'><a href=\"https:\/\/www.cervena.be\/en\/product-informatie\/cooking-our-top-10-tips\/\" title=\"(Fran\u00e7ais) Dix r\u00e8gles d&#039;or avant de passer la Cervena au grill\"><img decoding=\"async\" src=\"\/wp-content\/uploads\/2016\/03\/Cervena_02_web.jpg\" class=\"lcp_thumbnail\"  alt=\"(Fran\u00e7ais) Dix r\u00e8gles d&#039;or avant de passer la Cervena au grill\" \/><\/a><\/div><div class='lcp_body'><h3 class=\"lcp_post\"><a href=\"https:\/\/www.cervena.be\/en\/product-informatie\/cooking-our-top-10-tips\/\">(Fran\u00e7ais) Dix r\u00e8gles d&#8217;or avant de passer la Cervena au grill<\/a><\/h3>  <div class=\"lcp_excerpt\">Sorry, this entry is only available in Fran\u00e7ais and Nederlands. For the sake of viewer convenience, the content is shown below in one of the available alternative languages. You may click one of the links to switch the site language ...<\/div><a href=\"https:\/\/www.cervena.be\/en\/product-informatie\/cooking-our-top-10-tips\/\">Read more<\/a><\/div><\/li><li><div class='lcp_linked_thumbnail'><a href=\"https:\/\/www.cervena.be\/en\/product-informatie\/cooking-tips\/\" title=\"(Fran\u00e7ais) Conseils de Pr\u00e9paration\"><img decoding=\"async\" src=\"http:\/\/www.cervena.be\/wp-content\/uploads\/2016\/03\/Steven-Dehaeze_cooking-with-Cervena_web.jpg\" class=\"lcp_thumbnail\"  alt=\"(Fran\u00e7ais) Conseils de Pr\u00e9paration\" \/><\/a><\/div><div class='lcp_body'><h3 class=\"lcp_post\"><a href=\"https:\/\/www.cervena.be\/en\/product-informatie\/cooking-tips\/\">(Fran\u00e7ais) Conseils de Pr\u00e9paration<\/a><\/h3>  <div class=\"lcp_excerpt\">Sorry, this entry is only available in Fran\u00e7ais and Nederlands. For the sake of viewer convenience, the content is shown below in one of the available alternative languages. You may click one of the links to switch the site language ...<\/div><a href=\"https:\/\/www.cervena.be\/en\/product-informatie\/cooking-tips\/\">Read more<\/a><\/div><\/li><li><div class='lcp_linked_thumbnail'><a href=\"https:\/\/www.cervena.be\/en\/product-informatie\/product-information\/\" title=\"(Fran\u00e7ais) Les b\u00e9n\u00e9fices de la viande Cervena en cuisson\"><img decoding=\"async\" src=\"http:\/\/www.cervena.be\/wp-content\/uploads\/2016\/03\/notion_Tender_2.jpg\" class=\"lcp_thumbnail\"  alt=\"(Fran\u00e7ais) Les b\u00e9n\u00e9fices de la viande Cervena en cuisson\" \/><\/a><\/div><div class='lcp_body'><h3 class=\"lcp_post\"><a href=\"https:\/\/www.cervena.be\/en\/product-informatie\/product-information\/\">(Fran\u00e7ais) Les b\u00e9n\u00e9fices de la viande Cervena en cuisson<\/a><\/h3>  <div class=\"lcp_excerpt\">Sorry, this entry is only available in Fran\u00e7ais and Nederlands. For the sake of viewer convenience, the content is shown below in one of the available alternative languages. You may click one of the links to switch the site language ...<\/div><a href=\"https:\/\/www.cervena.be\/en\/product-informatie\/product-information\/\">Read more<\/a><\/div><\/li><\/ul><\/p>","protected":false},"excerpt":{"rendered":"<p>Sorry, this entry is only available in Fran\u00e7ais and Nederlands. For the sake of viewer convenience, the content is shown below in one of the available alternative languages. You may click one of the links to switch the site language to another available language. La viande Cervena est produite pour \u00eatre conforme aux normes les&#8230;<\/p>\n","protected":false},"author":3,"featured_media":0,"parent":0,"menu_order":0,"comment_status":"closed","ping_status":"closed","template":"","meta":{"_exactmetrics_skip_tracking":false,"_exactmetrics_sitenote_active":false,"_exactmetrics_sitenote_note":"","_exactmetrics_sitenote_category":0,"footnotes":""},"class_list":["post-389","page","type-page","status-publish","hentry"],"_links":{"self":[{"href":"https:\/\/www.cervena.be\/en\/wp-json\/wp\/v2\/pages\/389","targetHints":{"allow":["GET"]}}],"collection":[{"href":"https:\/\/www.cervena.be\/en\/wp-json\/wp\/v2\/pages"}],"about":[{"href":"https:\/\/www.cervena.be\/en\/wp-json\/wp\/v2\/types\/page"}],"author":[{"embeddable":true,"href":"https:\/\/www.cervena.be\/en\/wp-json\/wp\/v2\/users\/3"}],"replies":[{"embeddable":true,"href":"https:\/\/www.cervena.be\/en\/wp-json\/wp\/v2\/comments?post=389"}],"version-history":[{"count":11,"href":"https:\/\/www.cervena.be\/en\/wp-json\/wp\/v2\/pages\/389\/revisions"}],"predecessor-version":[{"id":679,"href":"https:\/\/www.cervena.be\/en\/wp-json\/wp\/v2\/pages\/389\/revisions\/679"}],"wp:attachment":[{"href":"https:\/\/www.cervena.be\/en\/wp-json\/wp\/v2\/media?parent=389"}],"curies":[{"name":"wp","href":"https:\/\/api.w.org\/{rel}","templated":true}]}}