{"id":29,"date":"2016-03-06T23:16:14","date_gmt":"2016-03-06T22:16:14","guid":{"rendered":"http:\/\/cervena-nl.6mq.me\/?page_id=29"},"modified":"2018-04-26T09:18:48","modified_gmt":"2018-04-25T21:18:48","slug":"where-to-buy","status":"publish","type":"page","link":"https:\/\/www.cervena.be\/en\/where-to-buy\/","title":{"rendered":"(Fran\u00e7ais) O\u00f9 la Touver"},"content":{"rendered":"<p class=\"qtranxs-available-languages-message qtranxs-available-languages-message-en\">Sorry, this entry is only available in <a href=\"https:\/\/www.cervena.be\/fr\/wp-json\/wp\/v2\/pages\/29\" class=\"qtranxs-available-language-link qtranxs-available-language-link-fr\" title=\"Fran\u00e7ais\">Fran\u00e7ais<\/a> and <a href=\"https:\/\/www.cervena.be\/nl\/wp-json\/wp\/v2\/pages\/29\" class=\"qtranxs-available-language-link qtranxs-available-language-link-nl\" title=\"Nederlands\">Nederlands<\/a>. For the sake of viewer convenience, the content is shown below in one of the available alternative languages. You may click one of the links to switch the site language to another available language.<\/p><p>Nos Cerfs de Nouvelle-Z\u00e9lande sont \u00e9lev\u00e9s en libert\u00e9 et nourris en p\u00e2turages dans un environnement sans stress. La viande Cervena est d\u2019une exp\u00e9rience culinaire exceptionnelle depuis plus de 20 ans.<\/p>\n<p>Cervena est exclusivement disponible en Belgique d&#8217;avril jusque fin ao\u00fbt.<\/p>\n<p><strong>\u00cates-vous professionnel<\/strong><br \/>\nCervena est disponible chez votre grossiste en viande ou dans votre cash &amp; carry.<\/p>\n<p><strong>\u00cates-vous un consommateur?<\/strong><br \/>\nCervena est disponible chez le boucher de votre r\u00e9gion. Demandez-le.<\/p>\n<p>Si vous voulez savoir o\u00f9 vous pouvez obtenir la viande de Cervena dans votre quartier, envoyez nous un email avec votre lieu de r\u00e9sidence \u00e0 info@cervena.com<\/p>","protected":false},"excerpt":{"rendered":"<p>Sorry, this entry is only available in Fran\u00e7ais and Nederlands. For the sake of viewer convenience, the content is shown below in one of the available alternative languages. You may click one of the links to switch the site language to another available language.Nos Cerfs de Nouvelle-Z\u00e9lande sont \u00e9lev\u00e9s en libert\u00e9 et nourris en p\u00e2turages&#8230;<\/p>\n","protected":false},"author":4,"featured_media":0,"parent":0,"menu_order":40,"comment_status":"closed","ping_status":"closed","template":"","meta":{"_exactmetrics_skip_tracking":false,"_exactmetrics_sitenote_active":false,"_exactmetrics_sitenote_note":"","_exactmetrics_sitenote_category":0,"footnotes":""},"class_list":["post-29","page","type-page","status-publish","hentry"],"_links":{"self":[{"href":"https:\/\/www.cervena.be\/en\/wp-json\/wp\/v2\/pages\/29","targetHints":{"allow":["GET"]}}],"collection":[{"href":"https:\/\/www.cervena.be\/en\/wp-json\/wp\/v2\/pages"}],"about":[{"href":"https:\/\/www.cervena.be\/en\/wp-json\/wp\/v2\/types\/page"}],"author":[{"embeddable":true,"href":"https:\/\/www.cervena.be\/en\/wp-json\/wp\/v2\/users\/4"}],"replies":[{"embeddable":true,"href":"https:\/\/www.cervena.be\/en\/wp-json\/wp\/v2\/comments?post=29"}],"version-history":[{"count":44,"href":"https:\/\/www.cervena.be\/en\/wp-json\/wp\/v2\/pages\/29\/revisions"}],"predecessor-version":[{"id":752,"href":"https:\/\/www.cervena.be\/en\/wp-json\/wp\/v2\/pages\/29\/revisions\/752"}],"wp:attachment":[{"href":"https:\/\/www.cervena.be\/en\/wp-json\/wp\/v2\/media?parent=29"}],"curies":[{"name":"wp","href":"https:\/\/api.w.org\/{rel}","templated":true}]}}