{"id":278,"date":"2016-03-14T00:09:27","date_gmt":"2016-03-13T23:09:27","guid":{"rendered":"http:\/\/cervena-nl.6mq.me\/?page_id=278"},"modified":"2017-03-09T06:33:03","modified_gmt":"2017-03-08T17:33:03","slug":"cooking-our-top-10-tips","status":"publish","type":"page","link":"https:\/\/www.cervena.be\/en\/product-informatie\/cooking-our-top-10-tips\/","title":{"rendered":"(Fran\u00e7ais) Dix r\u00e8gles d&#8217;or avant de passer la Cervena au grill"},"content":{"rendered":"<p class=\"qtranxs-available-languages-message qtranxs-available-languages-message-en\">Sorry, this entry is only available in <a href=\"https:\/\/www.cervena.be\/fr\/wp-json\/wp\/v2\/pages\/278\" class=\"qtranxs-available-language-link qtranxs-available-language-link-fr\" title=\"Fran\u00e7ais\">Fran\u00e7ais<\/a> and <a href=\"https:\/\/www.cervena.be\/nl\/wp-json\/wp\/v2\/pages\/278\" class=\"qtranxs-available-language-link qtranxs-available-language-link-nl\" title=\"Nederlands\">Nederlands<\/a>. For the sake of viewer convenience, the content is shown below in one of the available alternative languages. You may click one of the links to switch the site language to another available language.<\/p><p><a href=\"\/wp-content\/uploads\/2016\/03\/Cervena_02_web.jpg\" rel=\"attachment wp-att-188\"><img loading=\"lazy\" decoding=\"async\" class=\"alignleft size-full wp-image-188\" src=\"\/wp-content\/uploads\/2016\/03\/Cervena_02_web.jpg\" alt=\"Cervena_02_web\" width=\"1260\" height=\"840\" srcset=\"https:\/\/www.cervena.be\/wp-content\/uploads\/2016\/03\/Cervena_02_web.jpg 1260w, https:\/\/www.cervena.be\/wp-content\/uploads\/2016\/03\/Cervena_02_web-300x200.jpg 300w, https:\/\/www.cervena.be\/wp-content\/uploads\/2016\/03\/Cervena_02_web-768x512.jpg 768w, https:\/\/www.cervena.be\/wp-content\/uploads\/2016\/03\/Cervena_02_web-1024x683.jpg 1024w, https:\/\/www.cervena.be\/wp-content\/uploads\/2016\/03\/Cervena_02_web-150x100.jpg 150w\" sizes=\"auto, (max-width: 1260px) 100vw, 1260px\" \/><\/a><\/p>\n<p><strong>Dix r\u00e8gles d&#8217;or avant de passer la Cervena au grill<\/strong><\/p>\n<ol>\n<li>Maigre et tendre, la viande Cervena est id\u00e9ale pour le barbecue. La cuisson rapide \u00e0 haute temp\u00e9rature lui r\u00e9ussit tout particuli\u00e8rement bien.<\/li>\n<li>La saveur particuli\u00e8re des grillades magnifie le go\u00fbt de la Cervena. Son temps de cuisson tr\u00e8s limit\u00e9 permet au chef de passer rapidement \u00e0 d&#8217;autres t\u00e2ches.<\/li>\n<li>Aucune marinade n&#8217;est requise pour cette viande particuli\u00e8rement tendre. Les sauces l\u00e9g\u00e8res et marinades br\u00e8ves compl\u00e8tent id\u00e9alement son go\u00fbt subtil.<\/li>\n<li>Commencez toujours avec un grill suffisamment chaud. Comptez 15 minutes, l&#8217;attente en vaut la peine !<\/li>\n<li>Un grill qui n&#8217;est pas suffisamment chaud peut d\u00e9shydrater la viande que vous faites cuire et le r\u00e9sultat risque d&#8217;\u00eatre trop sec .<\/li>\n<li><span style=\"line-height: 1.71429; font-size: 1rem;\">Toujours passer un pinceau huil\u00e9 sur la viande et l&#8217;assaisonner de sel et poivre avant de la placer sur le grill. Vous permettrez ainsi au go\u00fbt de la Cervena de se d\u00e9velopper en cours de cuisson. Achetez un pinceau \u00e0 grill, vous ne regretterez pas votre investissement !<\/span><\/li>\n<li>Ne remuez pas la viande plus que n\u00e9cessaire. Retournez-la une seule fois en cours de cuisson.<\/li>\n<li>Utilisez des pinces pour manipuler la viande et \u00e9vitez de la percer pour limiter les pertes de jus.<\/li>\n<li>Toujours laisser reposer la viande une fois cuite. Laissez-la reposer au chaud pendant 8 \u00e0 10 minutes par 500g de poids.\u00a0L&#8217;erreur classique est de couper dans un steak parfaitement cuit et de voir tout le jus s&#8217;\u00e9chapper dans le plat. Laissez reposer la viande permet au jus de se r\u00e9partir dans ses fibres et d&#8217;\u00e9viter son dess\u00e8chement.<\/li>\n<li>Il faut \u00e9viter \u00e0 tout prix de trop cuire la Cervena, c&#8217;est une erreur fatale. Cette viande maigre de tr\u00e8s haute qualit\u00e9 se cuit imp\u00e9rativement saignante ou mi-saignante, pour rester juteuse.<\/li>\n<\/ol>\n<p><\/p>","protected":false},"excerpt":{"rendered":"<p>Sorry, this entry is only available in Fran\u00e7ais and Nederlands. For the sake of viewer convenience, the content is shown below in one of the available alternative languages. You may click one of the links to switch the site language to another available language. Dix r\u00e8gles d&#8217;or avant de passer la Cervena au grill Maigre&#8230;<\/p>\n","protected":false},"author":3,"featured_media":0,"parent":389,"menu_order":0,"comment_status":"closed","ping_status":"closed","template":"","meta":{"_exactmetrics_skip_tracking":false,"_exactmetrics_sitenote_active":false,"_exactmetrics_sitenote_note":"","_exactmetrics_sitenote_category":0,"footnotes":""},"class_list":["post-278","page","type-page","status-publish","hentry"],"_links":{"self":[{"href":"https:\/\/www.cervena.be\/en\/wp-json\/wp\/v2\/pages\/278","targetHints":{"allow":["GET"]}}],"collection":[{"href":"https:\/\/www.cervena.be\/en\/wp-json\/wp\/v2\/pages"}],"about":[{"href":"https:\/\/www.cervena.be\/en\/wp-json\/wp\/v2\/types\/page"}],"author":[{"embeddable":true,"href":"https:\/\/www.cervena.be\/en\/wp-json\/wp\/v2\/users\/3"}],"replies":[{"embeddable":true,"href":"https:\/\/www.cervena.be\/en\/wp-json\/wp\/v2\/comments?post=278"}],"version-history":[{"count":6,"href":"https:\/\/www.cervena.be\/en\/wp-json\/wp\/v2\/pages\/278\/revisions"}],"predecessor-version":[{"id":661,"href":"https:\/\/www.cervena.be\/en\/wp-json\/wp\/v2\/pages\/278\/revisions\/661"}],"up":[{"embeddable":true,"href":"https:\/\/www.cervena.be\/en\/wp-json\/wp\/v2\/pages\/389"}],"wp:attachment":[{"href":"https:\/\/www.cervena.be\/en\/wp-json\/wp\/v2\/media?parent=278"}],"curies":[{"name":"wp","href":"https:\/\/api.w.org\/{rel}","templated":true}]}}