{"id":25,"date":"2016-03-06T23:13:44","date_gmt":"2016-03-06T22:13:44","guid":{"rendered":"http:\/\/cervena-nl.6mq.me\/?page_id=25"},"modified":"2017-03-09T06:33:04","modified_gmt":"2017-03-08T17:33:04","slug":"inspiration","status":"publish","type":"page","link":"https:\/\/www.cervena.be\/en\/inspiration\/","title":{"rendered":"Inspiration"},"content":{"rendered":"<p><\/p>\n<div style=\"max-width: 900px; margin-left: auto; margin-right: auto;\">\n<p style=\"text-align: center;\">Surprise and delight your guests this summer with Cervena from pure natural New Zealand. Cervena comes only from specially grown free-running deer exclusively fed with pasture grass. Tender as butter, soft and subtle flavor makes Cervena perfectly suited for the lighter, natural summer kitchen. Cervena can serve in many wijzes; In summer salads with fruit, cheese, &#8230; but also gegrilt on the BBQ enriched with spicy exotic herbs or natural with fresh rosemary and thyme, and cook it slowly with aromas of lime, pepper and ginger.<\/p>\n<p style=\"text-align: center;\">Real food lovers but also the fussy eaters will easily convince your Cervena recipes.<\/p>\n<\/div>\n<p><ul class=\"lcp_catlist\"><li><div class='lcp_linked_thumbnail'><a href=\"https:\/\/www.cervena.be\/en\/inspiration\/summer-ideas\/\" title=\"(Fran\u00e7ais) Id\u00e9es d&#039;\u00e9t\u00e9\"><img decoding=\"async\" src=\"\/wp-content\/uploads\/2016\/03\/Summer-ideas.jpg\" class=\"lcp_thumbnail\"  alt=\"(Fran\u00e7ais) Id\u00e9es d&#039;\u00e9t\u00e9\" \/><\/a><\/div><div class='lcp_body'><h3 class=\"lcp_post\"><a href=\"https:\/\/www.cervena.be\/en\/inspiration\/summer-ideas\/\">(Fran\u00e7ais) Id\u00e9es d&#8217;\u00e9t\u00e9<\/a><\/h3>  <div class=\"lcp_excerpt\">Sorry, this entry is only available in Fran\u00e7ais and Nederlands. For the sake of viewer convenience, the content is shown below in one of the available alternative languages. You may click one of the links ...<\/div><a href=\"https:\/\/www.cervena.be\/en\/inspiration\/summer-ideas\/\">Read more<\/a><\/div><\/li><li><div class='lcp_linked_thumbnail'><a href=\"https:\/\/www.cervena.be\/en\/inspiration\/recipies\/\" title=\"Recipes\"><img decoding=\"async\" src=\"http:\/\/www.cervena.be\/wp-content\/uploads\/2016\/03\/Gebraden-hertenrugfilet_web-1024x769.jpg\" class=\"lcp_thumbnail\"  alt=\"Recipes\" \/><\/a><\/div><div class='lcp_body'><h3 class=\"lcp_post\"><a href=\"https:\/\/www.cervena.be\/en\/inspiration\/recipies\/\">Recipes<\/a><\/h3>  <div class=\"lcp_excerpt\">Cervena est une viande polyvalent qui vous ouvre des horizons illimit\u00e9s. Vous trouverez ci-dessous une s\u00e9lection de nos receipts estivales pr\u00e9f\u00e9r\u00e9es. Une source d&#8217;inspiration pour vous et de d\u00e9licieuses surprises pour vos clients.\n\n\n<\/div><a href=\"https:\/\/www.cervena.be\/en\/inspiration\/recipies\/\">Read more<\/a><\/div><\/li><\/ul><\/p>","protected":false},"excerpt":{"rendered":"<p>Surprise and delight your guests this summer with Cervena from pure natural New Zealand. Cervena comes only from specially grown free-running deer exclusively fed with pasture grass. Tender as butter, soft and subtle flavor makes Cervena perfectly suited for the lighter, natural summer kitchen. Cervena can serve in many wijzes; In summer salads with fruit,&#8230;<\/p>\n","protected":false},"author":4,"featured_media":0,"parent":0,"menu_order":20,"comment_status":"closed","ping_status":"closed","template":"","meta":{"_exactmetrics_skip_tracking":false,"_exactmetrics_sitenote_active":false,"_exactmetrics_sitenote_note":"","_exactmetrics_sitenote_category":0,"footnotes":""},"class_list":["post-25","page","type-page","status-publish","hentry"],"_links":{"self":[{"href":"https:\/\/www.cervena.be\/en\/wp-json\/wp\/v2\/pages\/25","targetHints":{"allow":["GET"]}}],"collection":[{"href":"https:\/\/www.cervena.be\/en\/wp-json\/wp\/v2\/pages"}],"about":[{"href":"https:\/\/www.cervena.be\/en\/wp-json\/wp\/v2\/types\/page"}],"author":[{"embeddable":true,"href":"https:\/\/www.cervena.be\/en\/wp-json\/wp\/v2\/users\/4"}],"replies":[{"embeddable":true,"href":"https:\/\/www.cervena.be\/en\/wp-json\/wp\/v2\/comments?post=25"}],"version-history":[{"count":21,"href":"https:\/\/www.cervena.be\/en\/wp-json\/wp\/v2\/pages\/25\/revisions"}],"predecessor-version":[{"id":705,"href":"https:\/\/www.cervena.be\/en\/wp-json\/wp\/v2\/pages\/25\/revisions\/705"}],"wp:attachment":[{"href":"https:\/\/www.cervena.be\/en\/wp-json\/wp\/v2\/media?parent=25"}],"curies":[{"name":"wp","href":"https:\/\/api.w.org\/{rel}","templated":true}]}}